{"id":673,"date":"2019-08-07T07:36:50","date_gmt":"2019-08-07T07:36:50","guid":{"rendered":"https:\/\/panfa.hu\/?page_id=673"},"modified":"2019-08-07T10:15:01","modified_gmt":"2019-08-07T10:15:01","slug":"innenarchitektur-turen-und-fenster-kuchenmobel-und-mehr","status":"publish","type":"page","link":"https:\/\/panfa.hu\/de\/innenarchitektur-turen-und-fenster-kuchenmobel-und-mehr\/","title":{"rendered":"T\u00e4tigkeiten"},"content":{"rendered":"\n<p>Unsere <a href=\"http:\/\/panfa.hu\/de\/tagok\/\">Cluster-Mitglieder<\/a> bieten Produkte und Dienstleistungen (Innenarchitektur, K\u00fcchenm\u00f6bel, usw.) f\u00fcr Branchen- und Privatanwender an. Unsere gr\u00f6\u00dfte St\u00e4rke als Cluster basiert auf den vielf\u00e4ltigen Holzbearbeitungsaktivit\u00e4ten unserer Mitglieder.  Unsere M\u00f6glichkeiten k\u00f6nnen wir mit einer Aussage beschreiben: wir sind in der Lage, ein komplettes Geb\u00e4ude gemeinsam zu entwerfen, zu bauen und auszustatten. <\/p>\n\n\n\n<p>Die T\u00e4tigkeiten unserer Mitglieder fassen wir hier kurz zusammen: <\/p>\n\n\n\n<h3 class=\"wp-block-heading\"><strong>Architektonische Planung und Bauarbeiten <\/strong><\/h3>\n\n\n\n<p>Planung und Bau von Holz- und Blockh\u00e4usern, energieeffizienten H\u00e4usern, Geb\u00e4udekomplexen und Au\u00dfenstrukturen (Br\u00fccken, Aussichtspunkte, Gartenpavillons). Dachkonstruktionen, Wand- und Bodenbel\u00e4ge, Z\u00e4une.  <\/p>\n\n\n\n<figure class=\"wp-block-image\"><img loading=\"lazy\" decoding=\"async\" width=\"1024\" height=\"680\" src=\"https:\/\/panfa.hu\/wp-content\/uploads\/2019\/08\/TEVEKENYSEG-tervezes-kivitelezes-1-1024x680.jpg\" alt=\"holzhaus\" class=\"wp-image-722\" srcset=\"https:\/\/panfa.hu\/wp-content\/uploads\/2019\/08\/TEVEKENYSEG-tervezes-kivitelezes-1-1024x680.jpg 1024w, https:\/\/panfa.hu\/wp-content\/uploads\/2019\/08\/TEVEKENYSEG-tervezes-kivitelezes-1-300x199.jpg 300w, https:\/\/panfa.hu\/wp-content\/uploads\/2019\/08\/TEVEKENYSEG-tervezes-kivitelezes-1-768x510.jpg 768w, https:\/\/panfa.hu\/wp-content\/uploads\/2019\/08\/TEVEKENYSEG-tervezes-kivitelezes-1.jpg 1600w\" sizes=\"auto, (max-width: 1024px) 100vw, 1024px\" \/><\/figure>\n\n\n\n<h3 class=\"wp-block-heading\"><strong>Innenarchitektur, technische Beratung<\/strong><\/h3>\n\n\n\n<p>Innenarchitektur, Inneneinrichtung, Holzschutz und Energieberatung.<\/p>\n\n\n\n<figure class=\"wp-block-image\"><img loading=\"lazy\" decoding=\"async\" width=\"1024\" height=\"678\" src=\"https:\/\/panfa.hu\/wp-content\/uploads\/2019\/08\/TEVEKENYSEG-belsoepiteszet-2-1024x678.jpg\" alt=\"innenarchitektur\" class=\"wp-image-719\" srcset=\"https:\/\/panfa.hu\/wp-content\/uploads\/2019\/08\/TEVEKENYSEG-belsoepiteszet-2-1024x678.jpg 1024w, https:\/\/panfa.hu\/wp-content\/uploads\/2019\/08\/TEVEKENYSEG-belsoepiteszet-2-300x199.jpg 300w, https:\/\/panfa.hu\/wp-content\/uploads\/2019\/08\/TEVEKENYSEG-belsoepiteszet-2-768x509.jpg 768w, https:\/\/panfa.hu\/wp-content\/uploads\/2019\/08\/TEVEKENYSEG-belsoepiteszet-2.jpg 1600w\" sizes=\"auto, (max-width: 1024px) 100vw, 1024px\" \/><\/figure>\n\n\n\n<h3 class=\"wp-block-heading\"><strong>Einrichtung des Wohnraumes- Zuhause und Arbeitsplatz<\/strong><\/h3>\n\n\n\n<p>Individuelle und serielle M\u00f6bel f\u00fcr B\u00fcro und Zuhause in verschiedenen Stilrichtungen. Mit handwerklichen Methoden hergestellte Massivholzm\u00f6bel aus Edelholz, Designprodukte, Polsterm\u00f6bel, Saunen und Whirlpools. <\/p>\n\n\n\n<figure class=\"wp-block-image\"><img loading=\"lazy\" decoding=\"async\" width=\"1024\" height=\"678\" src=\"https:\/\/panfa.hu\/wp-content\/uploads\/2019\/08\/jennifer-latuperisa-andresen-jHG7yQIXqTE-unsplash-1024x678.jpg\" alt=\"innenarchitektur\" class=\"wp-image-729\" srcset=\"https:\/\/panfa.hu\/wp-content\/uploads\/2019\/08\/jennifer-latuperisa-andresen-jHG7yQIXqTE-unsplash.jpg 1024w, https:\/\/panfa.hu\/wp-content\/uploads\/2019\/08\/jennifer-latuperisa-andresen-jHG7yQIXqTE-unsplash-300x199.jpg 300w, https:\/\/panfa.hu\/wp-content\/uploads\/2019\/08\/jennifer-latuperisa-andresen-jHG7yQIXqTE-unsplash-768x509.jpg 768w\" sizes=\"auto, (max-width: 1024px) 100vw, 1024px\" \/><\/figure>\n\n\n\n<h3 class=\"wp-block-heading\"><strong>K\u00fcchenm\u00f6bel<\/strong><\/h3>\n\n\n\n<p>Planung und Bau, sowie Installation von individuellen und seriellen K\u00fcchenm\u00f6beln mit ma\u00dfgeschneiderten L\u00f6sungen. <\/p>\n\n\n\n<figure class=\"wp-block-image\"><img loading=\"lazy\" decoding=\"async\" width=\"1024\" height=\"683\" src=\"https:\/\/panfa.hu\/wp-content\/uploads\/2019\/08\/TEVEKENYSEG-konyhabutor-1024x683.jpg\" alt=\"k\u00fcchenm\u00f6bel\" class=\"wp-image-732\" srcset=\"https:\/\/panfa.hu\/wp-content\/uploads\/2019\/08\/TEVEKENYSEG-konyhabutor-1024x683.jpg 1024w, https:\/\/panfa.hu\/wp-content\/uploads\/2019\/08\/TEVEKENYSEG-konyhabutor-300x200.jpg 300w, https:\/\/panfa.hu\/wp-content\/uploads\/2019\/08\/TEVEKENYSEG-konyhabutor-768x512.jpg 768w, https:\/\/panfa.hu\/wp-content\/uploads\/2019\/08\/TEVEKENYSEG-konyhabutor.jpg 1600w\" sizes=\"auto, (max-width: 1024px) 100vw, 1024px\" \/><\/figure>\n\n\n\n<h3 class=\"wp-block-heading\"><strong>Treppen und Gel\u00e4nder<\/strong><\/h3>\n\n\n\n<p>Planung, Bau und Installation von individuellen Treppen und Gel\u00e4nder, unterst\u00fctzt durch pers\u00f6nliche Beratung. <\/p>\n\n\n\n<figure class=\"wp-block-image\"><img loading=\"lazy\" decoding=\"async\" width=\"1024\" height=\"683\" src=\"https:\/\/panfa.hu\/wp-content\/uploads\/2019\/08\/TEVEKENYSEG-lepcsok-1024x683.jpg\" alt=\"treppen\" class=\"wp-image-735\" srcset=\"https:\/\/panfa.hu\/wp-content\/uploads\/2019\/08\/TEVEKENYSEG-lepcsok-1024x683.jpg 1024w, https:\/\/panfa.hu\/wp-content\/uploads\/2019\/08\/TEVEKENYSEG-lepcsok-300x200.jpg 300w, https:\/\/panfa.hu\/wp-content\/uploads\/2019\/08\/TEVEKENYSEG-lepcsok-768x512.jpg 768w, https:\/\/panfa.hu\/wp-content\/uploads\/2019\/08\/TEVEKENYSEG-lepcsok.jpg 1600w\" sizes=\"auto, (max-width: 1024px) 100vw, 1024px\" \/><\/figure>\n\n\n\n<h3 class=\"wp-block-heading\"><strong>T\u00fcren und Fenster<\/strong><\/h3>\n\n\n\n<p>Die breite Palette und individueller Bau von ma\u00dfgeschneiderten Eingangs- und Innent\u00fcren, Fenstern und Jalousien, die den neuesten Trends der Zeit\u00a0 folgen. <\/p>\n\n\n\n<figure class=\"wp-block-image\"><img loading=\"lazy\" decoding=\"async\" width=\"1024\" height=\"684\" src=\"https:\/\/panfa.hu\/wp-content\/uploads\/2019\/08\/TEVEKENYSEG-nyilaszarok-1024x684.jpg\" alt=\"t\u00fcre\" class=\"wp-image-738\" srcset=\"https:\/\/panfa.hu\/wp-content\/uploads\/2019\/08\/TEVEKENYSEG-nyilaszarok-1024x684.jpg 1024w, https:\/\/panfa.hu\/wp-content\/uploads\/2019\/08\/TEVEKENYSEG-nyilaszarok-300x200.jpg 300w, https:\/\/panfa.hu\/wp-content\/uploads\/2019\/08\/TEVEKENYSEG-nyilaszarok-768x513.jpg 768w, https:\/\/panfa.hu\/wp-content\/uploads\/2019\/08\/TEVEKENYSEG-nyilaszarok.jpg 1600w\" sizes=\"auto, (max-width: 1024px) 100vw, 1024px\" \/><\/figure>\n\n\n\n<h3 class=\"wp-block-heading\"><strong>Fu\u00dfb\u00f6den, Parkett<\/strong><\/h3>\n\n\n\n<p>Gro\u00dfe Auswahl an Massivholzb\u00f6den, Parkett, Fischgr\u00e4ten, Terrassen, Fu\u00dfleisten mit professioneller Beratung. <\/p>\n\n\n\n<figure class=\"wp-block-image\"><img loading=\"lazy\" decoding=\"async\" width=\"1024\" height=\"683\" src=\"https:\/\/panfa.hu\/wp-content\/uploads\/2019\/08\/TEVEKENYSEG-padlo-parketta-1-1024x683.jpg\" alt=\"innenarchitektur\" class=\"wp-image-741\" srcset=\"https:\/\/panfa.hu\/wp-content\/uploads\/2019\/08\/TEVEKENYSEG-padlo-parketta-1-1024x683.jpg 1024w, https:\/\/panfa.hu\/wp-content\/uploads\/2019\/08\/TEVEKENYSEG-padlo-parketta-1-300x200.jpg 300w, https:\/\/panfa.hu\/wp-content\/uploads\/2019\/08\/TEVEKENYSEG-padlo-parketta-1-768x512.jpg 768w, https:\/\/panfa.hu\/wp-content\/uploads\/2019\/08\/TEVEKENYSEG-padlo-parketta-1.jpg 1600w\" sizes=\"auto, (max-width: 1024px) 100vw, 1024px\" \/><\/figure>\n\n\n\n<p>F\u00fcr Aktualit\u00e4ten besuchen Sie unsere <a href=\"https:\/\/www.facebook.com\/Pannon-Fa-%C3%A9s-B%C3%BAtoripari-Akkredit%C3%A1lt-Innov%C3%A1ci%C3%B3s-Klaszter-185809798119980\/\">facebook<\/a> seite.<\/p>\n","protected":false},"excerpt":{"rendered":"<p>Unsere Cluster-Mitglieder bieten Produkte und Dienstleistungen (Innenarchitektur, K\u00fcchenm\u00f6bel, usw.) f\u00fcr Branchen- und Privatanwender an. Unsere gr\u00f6\u00dfte St\u00e4rke als Cluster basiert auf den vielf\u00e4ltigen Holzbearbeitungsaktivit\u00e4ten unserer Mitglieder. Unsere M\u00f6glichkeiten k\u00f6nnen wir mit einer Aussage beschreiben: wir sind in der Lage, ein komplettes Geb\u00e4ude gemeinsam zu entwerfen, zu bauen und auszustatten. Die T\u00e4tigkeiten unserer Mitglieder fassen wir [&hellip;]<\/p>\n","protected":false},"author":1,"featured_media":0,"parent":0,"menu_order":0,"comment_status":"closed","ping_status":"closed","template":"","meta":{"footnotes":""},"class_list":["post-673","page","type-page","status-publish","hentry"],"_links":{"self":[{"href":"https:\/\/panfa.hu\/de\/wp-json\/wp\/v2\/pages\/673","targetHints":{"allow":["GET"]}}],"collection":[{"href":"https:\/\/panfa.hu\/de\/wp-json\/wp\/v2\/pages"}],"about":[{"href":"https:\/\/panfa.hu\/de\/wp-json\/wp\/v2\/types\/page"}],"author":[{"embeddable":true,"href":"https:\/\/panfa.hu\/de\/wp-json\/wp\/v2\/users\/1"}],"replies":[{"embeddable":true,"href":"https:\/\/panfa.hu\/de\/wp-json\/wp\/v2\/comments?post=673"}],"version-history":[{"count":10,"href":"https:\/\/panfa.hu\/de\/wp-json\/wp\/v2\/pages\/673\/revisions"}],"predecessor-version":[{"id":752,"href":"https:\/\/panfa.hu\/de\/wp-json\/wp\/v2\/pages\/673\/revisions\/752"}],"wp:attachment":[{"href":"https:\/\/panfa.hu\/de\/wp-json\/wp\/v2\/media?parent=673"}],"curies":[{"name":"wp","href":"https:\/\/api.w.org\/{rel}","templated":true}]}}