{"id":623,"date":"2019-08-06T12:54:37","date_gmt":"2019-08-06T12:54:37","guid":{"rendered":"https:\/\/panfa.hu\/?page_id=623"},"modified":"2019-08-07T07:24:52","modified_gmt":"2019-08-07T07:24:52","slug":"cluster","status":"publish","type":"page","link":"https:\/\/panfa.hu\/de\/cluster\/","title":{"rendered":"Cluster"},"content":{"rendered":"\n<h3 class=\"wp-block-heading\">Was bedeutet f\u00fcr uns der Cluster?<\/h3>\n\n\n\n<p>Laut offizieller Definition ist ein\nCluster das Netzwerk miteinander verbundener Unternehmen und Institutionen\ninnerhalb eines bestimmten Wirtschaftszweiges, die von \u00e4hnlichen\nGesch\u00e4ftszielen gef\u00fchrt sind und gemeinsame Vertretung beanspruchen.<\/p>\n\n\n\n<p>Diese fachgem\u00e4\u00dfe Beschreibung deckt\ndas Wie des Funktionierens ab, aber es geht hier um viel mehr. Die Mitglieder\nunseres Clusters stehen in st\u00e4ndigem Kontakt mit einander, was den dauernden\nFlow von Information und Erfahrungen zwischen den Unternehmen erm\u00f6glicht.\nDadurch k\u00f6nnen sie die ungarische Holz- und M\u00f6belindustrie als dynamisch\nevolvierende Firmen repr\u00e4sentieren. Als gemeinsame Vertretung ist unser\nwichtigstes Ziel: die Vorteile der Produkte aus Holz und das Rohmaterial Holz\nbekannt und beliebt zu machen.<\/p>\n\n\n\n<p>Der Cluster ist au\u00dferdem Schauplatz von Kooperationen: Vertreter sich erg\u00e4nzender Gebiete treffen aufeinander und k\u00f6nnen neue Entwicklungen f\u00fcr neue Zielgruppen mit wettbewerbsf\u00e4higeren Preisen anbahnen.<\/p>\n\n\n\n<h3 class=\"wp-block-heading\">Warum Holz- und M\u00f6belindustrie?   <\/h3>\n\n\n\n<p>Die Holzindustrie in Ungarn verf\u00fcgt\n\u00fcber eine beachtliche industrielle und wissenschaftliche Vorgeschichte, sowie\n\u00fcber ein erhebliches industrielles Potenzial. Die Region West-Ungarn ist ein\nbesonders wichtiges Gebiet, ein F\u00fcnftel des lebendigen Holzbestandes von Ungarn\nbefindet sich ja hier, und eine gro\u00dfe Zahl von Forst-, Holz- und\nM\u00f6belunternehmen sind in dieser Region t\u00e4tig. Mehr als ein Drittel der nationalen\nM\u00f6belindustrie, und mehr als die H\u00e4lfte aller ungarischer\nPolsterm\u00f6bel-Hersteller konzentrieren sich auf unsere Region.<\/p>\n\n\n\n<p>Ziel der Vereinigung war von Anfang an die F\u00f6rderung der Herstellung von Produkten beider Schl\u00fcsselgebiete der Holzindustrie \u2013 M\u00f6belherstellung und Bauschreinerei -, die in ihrer Zusammensetzung, ihrer Qualit\u00e4t und ihrem Preis auf dem internationalen Markt wettbewerbsf\u00e4hig sind. <\/p>\n\n\n\n<p>Weiter nicht zu vergessen ist die vorteilhafte Situation der Holzwirtschaft, die dem st\u00e4ndig erneuerbaren Rohstoff zu danken ist. Dank fachgem\u00e4\u00dfer Forstwirtschaft belastet die Holzindustrie keineswegs die Umwelt, sie hilft dagegen den Kohlendioxid-Inhalt der Atmosph\u00e4re zu binden und weitere positive Umwelteffekte zu erzeugen.  <\/p>\n\n\n\n<h3 class=\"wp-block-heading\">Unsere Geschichte kurz gefasst   <\/h3>\n\n\n\n<p>Der Pannon Holz- und M\u00f6belindustrie\nInnovationscluster (PANFA) wurde 2001 als der zweite Cluster in Ungarn, mit 15\nMitgliedern gegr\u00fcndet. Die Zusammenarbeit wurde in Zalaegerszeg mit der\nKoordination der Stiftung f\u00fcr Unternehmen-F\u00f6rderung der Komitat Zala (ZMVA) als\nClustermanagement gestartet.<\/p>\n\n\n\n<p>Es folgte eine Zeit der gemeinsamen Programme und T\u00e4tigkeiten: Fach- und Informationsbrosch\u00fcren wurden zusammengestellt und ausgegeben, Studiereisen organisiert und unternommen, und eine Kooperation zwischen dem Cluster und dem Clustermitglied <a href=\"http:\/\/international.uni-sopron.hu\/home\">Universit\u00e4t Sopron<\/a> f\u00fcr Bildungsentwicklung gestartet. <\/p>\n\n\n\n<p>Das Publikum hatte die Gelegenheit,\nPANFA an verschiedenen Ausstellungen als Austeller oder F\u00f6rderer kennen zu\nlernen. Als gemeinsames Unternehmen ist hier die Pannon Design M\u00f6bel,\nWohnungseinrichtung und Wohnraum Ausstellung hervor zu heben, die vier Jahre\nlang mit aktiver Teilnahme der Clustermitglieder verwirklicht wurde. <\/p>\n\n\n\n<p>2011 wurde mit Einbindung von <a href=\"https:\/\/effix.at\/\">EFFIX-Marketing Kft.<\/a> als Clustermanagement Organisation mit der Neuorganisierung des Clusters begonnen. Diese bedeutete einen aktiven Austausch mit den Mitgliedern und die Analyse ihrer Bed\u00fcrfnisse. Dies resultierte in der Auffrischung des Clusters, was einen R\u00fcckgang in der Zahl der Mitglieder bedeutete, aber derzeit arbeiten wir mit einer <a href=\"http:\/\/panfa.hu\/de\/tagok\/\">aktiven Mitgliedschaft.<\/a> <\/p>\n\n\n\n<p>2013 war ein neuer Meilenstein im Leben von PANFA, der als Erster in der Westungarischen Region und in einem traditionellen Wirtschaftszweig den viel bedeutenden Titel \u201aAkkreditierter Innovationscluster\u2018 erhielt.  <\/p>\n\n\n\n<h3 class=\"wp-block-heading\"><strong>Dienstleistungen des Clustermanagements<\/strong>   <\/h3>\n\n\n\n<ul class=\"wp-block-list\"><li>Laufende Gew\u00e4hrleistung der Administrationsaufgaben des Clusters (Buchhaltung, F\u00f6rderungsdokumentation, \u00d6ffentliche Beschaffung, Kontaktpflege, Anschaffung neuer Mitglieder)<\/li><li>Projekterzeugung, Organisation der gemeinsamen F+E T\u00e4tigkeit (Produkt- und Technologieentwicklung), Vorbereitung und Weiterentwicklung&nbsp; gemeinsamer Projekte<\/li><li>Organisation von Vortr\u00e4gen, Konferenzen, Studienreisen und Ausstellungen, gemeinsame Teilnahme, In- und Ausland<\/li><li>Antragstellung und Projektmanagement<\/li><li>Unterst\u00fctzung der Strategieentwicklung, Erzeugung von Innovations- und Entwicklungsprojekten<\/li><li>Management von Neuigkeitsforschung entsprechend dem Industriebedarf, F\u00f6rderung des technologischen Transfers, Unterst\u00fctzung der regionalen Verbreitung<\/li><li>&nbsp;Marketing, Marktanalyse und \u2013Forschung (Gestaltung eines gemeinsamen Erscheinungsbildes, Grafikdesign, Publikationen, Bedarf-Forschung, Durchf\u00fchrung von Trendanalysen)<\/li><li>Organisation und Durchf\u00fchrung von spezialisierten Schulungen f\u00fcr die Bed\u00fcrfnisse der Clustermitglieder, Ausarbeitung des Materials und der Methode<\/li><li>Analyse und Vermittlung des HR-Bedarfs der Mitglieder, Zusammenstellung und Betreiben einer Kompetenzen-Datenbank<\/li><li>Betreiben eines Systems, das die Kapazit\u00e4ten in Einklang h\u00e4lt<\/li><li>Erstellen von Datenbanken in den Gebieten F\u00f6rderungen, Kompetenzen, Produktion, Innovation, Zulieferung und Logistik, die den Clustermitgliedern in ihren T\u00e4tigkeiten durch eine breite Palette an Information behilflich sind<\/li><li>Unterst\u00fctzung des Verkaufs, F\u00f6rderung der Marktgewinnung und des inneren Handels<\/li><li>Gew\u00e4hrleistung der Kommunikation zwischen Clustermitgliedern<\/li><li> Interessenvertretung des Clusters, Lobbyt\u00e4tigkeit durch Erreichen der Zielgruppe  <\/li><\/ul>\n\n\n\n<p><\/p>\n\n\n\n<div class=\"wp-block-file\"><a href=\"https:\/\/panfa.hu\/wp-content\/uploads\/2019\/05\/panfa_bemutatkozo_2017_A4_ENG.pdf\">Panfa Werbebroch\u00fcre (Englisch)<\/a><\/div>\n\n\n\n<p><\/p>\n","protected":false},"excerpt":{"rendered":"<p>Was bedeutet f\u00fcr uns der Cluster? Laut offizieller Definition ist ein Cluster das Netzwerk miteinander verbundener Unternehmen und Institutionen innerhalb eines bestimmten Wirtschaftszweiges, die von \u00e4hnlichen Gesch\u00e4ftszielen gef\u00fchrt sind und gemeinsame Vertretung beanspruchen. Diese fachgem\u00e4\u00dfe Beschreibung deckt das Wie des Funktionierens ab, aber es geht hier um viel mehr. Die Mitglieder unseres Clusters stehen in [&hellip;]<\/p>\n","protected":false},"author":1,"featured_media":510,"parent":0,"menu_order":0,"comment_status":"closed","ping_status":"closed","template":"","meta":{"footnotes":""},"class_list":["post-623","page","type-page","status-publish","has-post-thumbnail","hentry"],"_links":{"self":[{"href":"https:\/\/panfa.hu\/de\/wp-json\/wp\/v2\/pages\/623","targetHints":{"allow":["GET"]}}],"collection":[{"href":"https:\/\/panfa.hu\/de\/wp-json\/wp\/v2\/pages"}],"about":[{"href":"https:\/\/panfa.hu\/de\/wp-json\/wp\/v2\/types\/page"}],"author":[{"embeddable":true,"href":"https:\/\/panfa.hu\/de\/wp-json\/wp\/v2\/users\/1"}],"replies":[{"embeddable":true,"href":"https:\/\/panfa.hu\/de\/wp-json\/wp\/v2\/comments?post=623"}],"version-history":[{"count":9,"href":"https:\/\/panfa.hu\/de\/wp-json\/wp\/v2\/pages\/623\/revisions"}],"predecessor-version":[{"id":678,"href":"https:\/\/panfa.hu\/de\/wp-json\/wp\/v2\/pages\/623\/revisions\/678"}],"wp:featuredmedia":[{"embeddable":true,"href":"https:\/\/panfa.hu\/de\/wp-json\/wp\/v2\/media\/510"}],"wp:attachment":[{"href":"https:\/\/panfa.hu\/de\/wp-json\/wp\/v2\/media?parent=623"}],"curies":[{"name":"wp","href":"https:\/\/api.w.org\/{rel}","templated":true}]}}