{"id":604,"date":"2019-08-06T11:20:47","date_gmt":"2019-08-06T11:20:47","guid":{"rendered":"https:\/\/panfa.hu\/?page_id=604"},"modified":"2022-01-24T14:24:31","modified_gmt":"2022-01-24T14:24:31","slug":"kontakt","status":"publish","type":"page","link":"https:\/\/panfa.hu\/de\/kontakt\/","title":{"rendered":"Kontakt"},"content":{"rendered":"\n<h2 class=\"wp-block-heading\">Hinterlassen Sie uns eine Nachricht!<\/h2>\n\n\n\n<div class=\"wpcf7 no-js\" id=\"wpcf7-f611-o1\" lang=\"hu-HU\" dir=\"ltr\" data-wpcf7-id=\"611\">\n<div class=\"screen-reader-response\"><p role=\"status\" aria-live=\"polite\" aria-atomic=\"true\"><\/p> <ul><\/ul><\/div>\n<form action=\"\/de\/wp-json\/wp\/v2\/pages\/604#wpcf7-f611-o1\" method=\"post\" class=\"wpcf7-form init\" aria-label=\"Kapcsolatfelv\u00e9teli \u0171rlap\" novalidate=\"novalidate\" data-status=\"init\">\n<fieldset class=\"hidden-fields-container\"><input type=\"hidden\" name=\"_wpcf7\" value=\"611\" \/><input type=\"hidden\" name=\"_wpcf7_version\" value=\"6.1.5\" \/><input type=\"hidden\" name=\"_wpcf7_locale\" value=\"hu_HU\" \/><input type=\"hidden\" name=\"_wpcf7_unit_tag\" value=\"wpcf7-f611-o1\" \/><input type=\"hidden\" name=\"_wpcf7_container_post\" value=\"0\" \/><input type=\"hidden\" name=\"_wpcf7_posted_data_hash\" value=\"\" \/><input type=\"hidden\" name=\"_wpcf7_recaptcha_response\" value=\"\" \/>\n<\/fieldset>\n<p><span class=\"wpcf7-form-control-wrap\" data-name=\"your-name\"><input size=\"40\" maxlength=\"400\" class=\"wpcf7-form-control wpcf7-text wpcf7-validates-as-required\" aria-required=\"true\" aria-invalid=\"false\" placeholder=\"Name\" value=\"\" type=\"text\" name=\"your-name\" \/><\/span><br \/>\n<span class=\"wpcf7-form-control-wrap\" data-name=\"your-email\"><input size=\"40\" maxlength=\"400\" class=\"wpcf7-form-control wpcf7-email wpcf7-validates-as-required wpcf7-text wpcf7-validates-as-email\" aria-required=\"true\" aria-invalid=\"false\" placeholder=\"E-mail\" value=\"\" type=\"email\" name=\"your-email\" \/><\/span><br \/>\n<span class=\"wpcf7-form-control-wrap\" data-name=\"your-message\"><textarea cols=\"40\" rows=\"10\" maxlength=\"2000\" class=\"wpcf7-form-control wpcf7-textarea\" aria-invalid=\"false\" name=\"your-message\"><\/textarea><\/span>\n<\/p>\n<div class=\"contact-footer-wrapper\">\n\t<p><span class=\"wpcf7-form-control-wrap\" data-name=\"acceptance\"><span class=\"wpcf7-form-control wpcf7-acceptance\"><span class=\"wpcf7-list-item\"><label><input type=\"checkbox\" name=\"acceptance\" value=\"1\" aria-invalid=\"false\" \/><span class=\"wpcf7-list-item-label\">Ich akzeptiere die Datenschutzerkl\u00e4rung<\/span><\/label><\/span><\/span><\/span><br \/>\n<input class=\"wpcf7-form-control wpcf7-submit has-spinner\" type=\"submit\" value=\"Senden\" \/>\n\t<\/p>\n<\/div><div class=\"wpcf7-response-output\" aria-hidden=\"true\"><\/div>\n<\/form>\n<\/div>\n\n\n\n\n<h3 class=\"wp-block-heading\">EFFIX-Marketing Kft. kontakten:<\/h3>\n\n\n\n<p>Kontakt der <a href=\"https:\/\/panfa.hu\/en\/cluster\/\">Clustermanagement<\/a>-Organisation<\/p>\n\n\n\n<figure class=\"wp-block-table\"><table class=\"\"><tbody><tr><td><strong>Sitz<\/strong><\/td><td>9400 Sopron, Malompatak u. 13.<\/td><\/tr><tr><td><strong>Standort<\/strong><\/td><td>9400 Sopron, Temet\u0151 u. 6.<\/td><\/tr><tr><td><strong>Telefon<\/strong><\/td><td>00 36-99 788-174<\/td><\/tr><tr><td><strong>Handy<\/strong><\/td><td>00 36-30 298-1089<\/td><\/tr><tr><td><strong>Fax<\/strong><\/td><td>00 36-99 788-174<\/td><\/tr><tr><td><strong>E-Mail<\/strong><\/td><td><a href=\"mailto:info@effix.hu\">info@effix.hu<\/a><\/td><\/tr><tr><td><strong>Website<\/strong><\/td><td><a href=\"http:\/\/effix.hu\/en\/\" target=\"_blank\" rel=\"noreferrer noopener\">effix.hu<\/a><\/td><\/tr><\/tbody><\/table><\/figure>\n\n\n\n<figure class=\"wp-block-image border-radius\"><img decoding=\"async\" src=\"https:\/\/panfa.hu\/wp-content\/uploads\/2019\/07\/peter-e1569249598530.jpg\" alt=\"el\u00e9rhet\u0151s\u00e9g pakai peter sandor\"\/><\/figure>\n\n\n\n<h3 class=\"wp-block-heading\">P\u00e9ter S\u00e1ndor Pakai<\/h3>\n\n\n\n<p><strong>Gesch\u00e4ftsf\u00fchrer, Cluster manager<\/strong><\/p>\n\n\n\n<p><strong>Tel:<\/strong>&nbsp;<em>00 36 30 456 5418<\/em><\/p>\n\n\n\n<p><strong>E-mail:<\/strong>&nbsp;<em>info@effixmarketing.eu<\/em><br><\/p>\n","protected":false},"excerpt":{"rendered":"<p>Hinterlassen Sie uns eine Nachricht! EFFIX-Marketing Kft. kontakten: Kontakt der Clustermanagement-Organisation Sitz 9400 Sopron, Malompatak u. 13. Standort 9400 Sopron, Temet\u0151 u. 6. Telefon 00 36-99 788-174 Handy 00 36-30 298-1089 Fax 00 36-99 788-174 E-Mail info@effix.hu Website effix.hu P\u00e9ter S\u00e1ndor Pakai Gesch\u00e4ftsf\u00fchrer, Cluster manager Tel:&nbsp;00 36 30 456 5418 E-mail:&nbsp;info@effixmarketing.eu<\/p>\n","protected":false},"author":1,"featured_media":0,"parent":0,"menu_order":0,"comment_status":"closed","ping_status":"closed","template":"template_contact.php","meta":{"footnotes":""},"class_list":["post-604","page","type-page","status-publish","hentry"],"_links":{"self":[{"href":"https:\/\/panfa.hu\/de\/wp-json\/wp\/v2\/pages\/604","targetHints":{"allow":["GET"]}}],"collection":[{"href":"https:\/\/panfa.hu\/de\/wp-json\/wp\/v2\/pages"}],"about":[{"href":"https:\/\/panfa.hu\/de\/wp-json\/wp\/v2\/types\/page"}],"author":[{"embeddable":true,"href":"https:\/\/panfa.hu\/de\/wp-json\/wp\/v2\/users\/1"}],"replies":[{"embeddable":true,"href":"https:\/\/panfa.hu\/de\/wp-json\/wp\/v2\/comments?post=604"}],"version-history":[{"count":14,"href":"https:\/\/panfa.hu\/de\/wp-json\/wp\/v2\/pages\/604\/revisions"}],"predecessor-version":[{"id":1917,"href":"https:\/\/panfa.hu\/de\/wp-json\/wp\/v2\/pages\/604\/revisions\/1917"}],"wp:attachment":[{"href":"https:\/\/panfa.hu\/de\/wp-json\/wp\/v2\/media?parent=604"}],"curies":[{"name":"wp","href":"https:\/\/api.w.org\/{rel}","templated":true}]}}